{"id":1693,"date":"2017-01-07T19:58:17","date_gmt":"2017-01-07T22:58:17","guid":{"rendered":"http:\/\/thesouzas.com.br\/?page_id=1693"},"modified":"2019-09-14T20:37:59","modified_gmt":"2019-09-14T23:37:59","slug":"ofertar","status":"publish","type":"page","link":"http:\/\/thesouzas.com.br\/pt-br\/ofertar\/","title":{"rendered":"OFERTAR"},"content":{"rendered":"<p>[et_pb_section bb_built=&#8221;1&#8243; fullwidth=&#8221;on&#8221; specialty=&#8221;off&#8221; next_background_color=&#8221;#e5e5e5&#8243;][et_pb_fullwidth_image admin_label=&#8221;HEADER&#8221; _builder_version=&#8221;3.20.2&#8243; src=&#8221;http:\/\/thesouzas.dominiotemporario.com\/wp-content\/uploads\/2019\/09\/IMG_3796.jpg&#8221; \/][et_pb_fullwidth_header admin_label=&#8221;BAR&#8221; _builder_version=&#8221;3.20.2&#8243; background_color=&#8221;#8300e9&#8243; \/][\/et_pb_section][et_pb_section bb_built=&#8221;1&#8243; admin_label=&#8221;section&#8221; transparent_background=&#8221;off&#8221; background_color=&#8221;#e5e5e5&#8243; allow_player_pause=&#8221;off&#8221; inner_shadow=&#8221;off&#8221; parallax=&#8221;off&#8221; parallax_method=&#8221;off&#8221; padding_mobile=&#8221;off&#8221; make_fullwidth=&#8221;off&#8221; use_custom_width=&#8221;off&#8221; width_unit=&#8221;on&#8221; make_equal=&#8221;off&#8221; use_custom_gutter=&#8221;off&#8221; custom_padding_tablet=&#8221;50px|0|50px|0&#8243; custom_padding_last_edited=&#8221;on|desktop&#8221; prev_background_color=&#8221;#ffffff&#8221; next_background_color=&#8221;#ffffff&#8221;][et_pb_row background_position=&#8221;top_left&#8221; background_repeat=&#8221;repeat&#8221; background_size=&#8221;initial&#8221;][et_pb_column type=&#8221;4_4&#8243;][et_pb_text admin_label=&#8221;SUPORTE&#8221; _builder_version=&#8221;3.20.2&#8243;]<\/p>\n<p><a href=\"http:\/\/thesouzas.com.br\/wp-content\/uploads\/2019\/08\/suporte.png\"><img loading=\"lazy\" decoding=\"async\" class=\"aligncenter size-large wp-image-4140\" src=\"http:\/\/thesouzas.dominiotemporario.com\/wp-content\/uploads\/2019\/09\/suporte-1024x231.png\" alt=\"\" width=\"1024\" height=\"231\" \/><\/a><\/p>\n<p>[\/et_pb_text][et_pb_text admin_label=&#8221;DESCRIPTION&#8221; text_orientation=&#8221;justified&#8221; use_border_color=&#8221;off&#8221; background_position=&#8221;top_left&#8221; background_repeat=&#8221;repeat&#8221; background_size=&#8221;initial&#8221; _builder_version=&#8221;3.20.2&#8243;]<\/p>\n<h4 style=\"text-align: center;\">\u00a0<\/h4>\n<p><span style=\"color: #000000;\"><br \/>Todo suporte financeiro que a nossa fam\u00edlia recebe, \u00e9 destinado a custear nossas tarefas di\u00e1rias dentro da miss\u00e3o. N\u00e3o somos assal\u00e1riados. Para cada membro do corpo de Cristo ele nos deu um dom, e o nosso \u00e9 esse, <em><strong>viver integralmente e dividir de forma integral a vida de Cristos para com o outro.<\/strong><\/em> A <strong>JOCUM<\/strong> usa esse m\u00e9todo porque acreditamos que isto forma um di\u00e1logo entre colaboradores e mission\u00e1rios, desta forma criando um v\u00ednculo direto entre todos os que est\u00e3o envolvidos na realiza\u00e7\u00e3o da Grande Comiss\u00e3o.<\/span><\/p>\n<p><span style=\"color: #000000;\">Somos\u00a0incentivado a ter um grupo de indiv\u00edduos e\/ou igrejas que tenham compromisso com parte do nosso\u00a0or\u00e7amento, traduzindo para nosso tempo o conceito b\u00edblico de levitas, que, separados de <strong>tempo integral,<\/strong> n\u00e3o se preocupavam consigo mesmos, mas com a realiza\u00e7\u00e3o da obra (<strong>Neemias 13:10-14).<\/strong><\/span><\/p>\n<p><span style=\"color: #000000;\">abaixo temos algumas op\u00e7\u00f5es onde possamos receber nossas ofertas.<\/span><\/p>\n<p>[\/et_pb_text][\/et_pb_column][\/et_pb_row][et_pb_row][et_pb_column type=&#8221;1_3&#8243;][et_pb_text admin_label=&#8221;BRADESCO&#8221; _builder_version=&#8221;3.20.2&#8243;]<\/p>\n<p style=\"text-align: center;\"><img loading=\"lazy\" decoding=\"async\" class=\"aligncenter size-medium wp-image-4196\" src=\"http:\/\/thesouzas.dominiotemporario.com\/wp-content\/uploads\/2019\/09\/Bradesco-novo-logo1-300x169.jpg\" alt=\"\" width=\"300\" height=\"169\" \/><br \/><span style=\"color: #000000;\"><strong>Ag\u00eancia \u2013 3072-4<\/strong><\/span><br \/><span style=\"color: #000000;\"><strong>Corrente \u2013 65.047-1<\/strong><\/span><\/p>\n<p>[\/et_pb_text][\/et_pb_column][et_pb_column type=&#8221;1_3&#8243;][et_pb_text admin_label=&#8221;PAGSEGURO&#8221; _builder_version=&#8221;3.20.2&#8243;]<\/p>\n<p><a href=\"https:\/\/pag.ae\/7VcNZAyhN\"><img loading=\"lazy\" decoding=\"async\" class=\"aligncenter size-medium wp-image-4202\" src=\"http:\/\/thesouzas.dominiotemporario.com\/wp-content\/uploads\/2019\/09\/pagseguro-1-300x169.png\" alt=\"\" width=\"300\" height=\"169\" \/><\/a><\/p>\n<p style=\"text-align: center;\"><strong><span style=\"color: #000000;\">Click aqui para doar com PagSeguro.<\/span><\/strong><\/p>\n<p>[\/et_pb_text][\/et_pb_column][et_pb_column type=&#8221;1_3&#8243;][et_pb_text admin_label=&#8221;PAGSEGURO&#8221; _builder_version=&#8221;3.20.2&#8243;]<\/p>\n<p><img loading=\"lazy\" decoding=\"async\" class=\"aligncenter size-medium wp-image-4206\" src=\"http:\/\/thesouzas.dominiotemporario.com\/wp-content\/uploads\/2019\/09\/Nubank-300x169.png\" alt=\"\" width=\"300\" height=\"169\" \/><\/p>\n<p style=\"text-align: center;\"><strong><span style=\"color: #000000;\">Ag\u00eancia &#8211; 0001<br \/>Conta 7494514-2<\/span><\/strong><\/p>\n<p>[\/et_pb_text][\/et_pb_column][\/et_pb_row][\/et_pb_section][et_pb_section bb_built=&#8221;1&#8243; _builder_version=&#8221;3.0.105&#8243; prev_background_color=&#8221;#e5e5e5&#8243;][et_pb_row _builder_version=&#8221;3.0.47&#8243; background_size=&#8221;initial&#8221; background_position=&#8221;top_left&#8221; background_repeat=&#8221;repeat&#8221;][et_pb_column type=&#8221;4_4&#8243;][et_pb_text admin_label=&#8221;FALE CONOSCO&#8221; _builder_version=&#8221;3.0.47&#8243; background_size=&#8221;initial&#8221; background_position=&#8221;top_left&#8221; background_repeat=&#8221;repeat&#8221; text_orientation=&#8221;center&#8221; module_alignment=&#8221;center&#8221; use_border_color=&#8221;off&#8221; border_color=&#8221;#ffffff&#8221; border_style=&#8221;solid&#8221;]<\/p>\n<p><img loading=\"lazy\" decoding=\"async\" class=\"size-full wp-image-1466 aligncenter\" src=\"http:\/\/thesouzas.dominiotemporario.com\/wp-content\/uploads\/2019\/09\/fale-conosco.png\" alt=\"\" width=\"622\" height=\"162\" \/><\/p>\n<p>[\/et_pb_text][\/et_pb_column][\/et_pb_row][et_pb_row _builder_version=&#8221;3.0.101&#8243; background_size=&#8221;initial&#8221; background_position=&#8221;top_left&#8221; background_repeat=&#8221;repeat&#8221;][et_pb_column type=&#8221;1_3&#8243;][et_pb_text admin_label=&#8221;TEXT&#8221; _builder_version=&#8221;3.20.2&#8243; background_size=&#8221;initial&#8221; background_position=&#8221;top_left&#8221; background_repeat=&#8221;repeat&#8221; text_orientation=&#8221;justified&#8221; use_border_color=&#8221;off&#8221; border_color=&#8221;#ffffff&#8221; border_style=&#8221;solid&#8221;]<\/p>\n<h2><strong><span style=\"color: #000000;\">Mais Infor<\/span><\/strong><\/h2>\n<p><span style=\"color: #000000;\"><strong>Endere\u00e7o:\u00a0<\/strong><span class=\"s1\">Youth With A Mission Harpenden,<br \/><\/span><\/span><span style=\"color: #000000;\"><span class=\"s1\">6 Highfield Oval, Ambrose Lane<br \/><\/span><\/span><span style=\"color: #000000;\"><span class=\"s1\"> Harpenden<br \/><\/span><\/span><span style=\"color: #000000;\"><span class=\"s1\">Herts,\u00a0AL5 4BX<br \/>United Kingdom &#8211; UK<\/span><\/span><\/p>\n<p><span style=\"color: #000000;\"><strong>Telefone:<\/strong>\u00a0+44 07727 217071<br \/><strong>E-mail<\/strong> &#8211; <a href=\"mailto:contato@thesouzas.com.br\">contato@thesouzas.com.br<\/a><\/span><\/p>\n<p>[\/et_pb_text][\/et_pb_column][et_pb_column type=&#8221;2_3&#8243;][et_pb_contact_form admin_label=&#8221;FORM&#8221; captcha=&#8221;off&#8221; email=&#8221;mailto:contato@thesouzas.com.br&#8221; _builder_version=&#8221;3.0.47&#8243; border_radii=&#8221;on|0px|0px|0px|0px&#8221; use_border_color=&#8221;off&#8221; border_color=&#8221;#ffffff&#8221; border_style=&#8221;solid&#8221; input_border_radius=&#8221;0&#8243; module_id=&#8221;et_pb_contact_form_0&#8243;][et_pb_contact_field field_id=&#8221;Name&#8221; field_title=&#8221;Nome&#8221; _builder_version=&#8221;3.0.47&#8243; border_radii=&#8221;on||||&#8221;][\/et_pb_contact_field][et_pb_contact_field field_id=&#8221;Email&#8221; field_title=&#8221;E-mail&#8221; field_type=&#8221;email&#8221; _builder_version=&#8221;3.0.47&#8243; border_radii=&#8221;on||||&#8221;][\/et_pb_contact_field][et_pb_contact_field field_id=&#8221;Message&#8221; field_title=&#8221;Mensagem&#8221; field_type=&#8221;text&#8221; fullwidth_field=&#8221;on&#8221; _builder_version=&#8221;3.0.47&#8243; border_radii=&#8221;on||||&#8221;][\/et_pb_contact_field][\/et_pb_contact_form][\/et_pb_column][\/et_pb_row][\/et_pb_section]<\/p>\n","protected":false},"excerpt":{"rendered":"<p>[et_pb_section bb_built=&#8221;1&#8243; fullwidth=&#8221;on&#8221; specialty=&#8221;off&#8221; next_background_color=&#8221;#e5e5e5&#8243;][et_pb_fullwidth_image admin_label=&#8221;HEADER&#8221; _builder_version=&#8221;3.20.2&#8243; src=&#8221;http:\/\/thesouzas.dominiotemporario.com\/wp-content\/uploads\/2019\/09\/IMG_3796.jpg&#8221; \/][et_pb_fullwidth_header admin_label=&#8221;BAR&#8221; _builder_version=&#8221;3.20.2&#8243; background_color=&#8221;#8300e9&#8243; \/][\/et_pb_section][et_pb_section bb_built=&#8221;1&#8243; admin_label=&#8221;section&#8221; transparent_background=&#8221;off&#8221; background_color=&#8221;#e5e5e5&#8243; allow_player_pause=&#8221;off&#8221; inner_shadow=&#8221;off&#8221; parallax=&#8221;off&#8221; parallax_method=&#8221;off&#8221; padding_mobile=&#8221;off&#8221; make_fullwidth=&#8221;off&#8221; use_custom_width=&#8221;off&#8221; width_unit=&#8221;on&#8221; make_equal=&#8221;off&#8221; use_custom_gutter=&#8221;off&#8221; custom_padding_tablet=&#8221;50px|0|50px|0&#8243; custom_padding_last_edited=&#8221;on|desktop&#8221; prev_background_color=&#8221;#ffffff&#8221; next_background_color=&#8221;#ffffff&#8221;][et_pb_row background_position=&#8221;top_left&#8221; background_repeat=&#8221;repeat&#8221; background_size=&#8221;initial&#8221;][et_pb_column type=&#8221;4_4&#8243;][et_pb_text admin_label=&#8221;SUPORTE&#8221; _builder_version=&#8221;3.20.2&#8243;] [\/et_pb_text][et_pb_text admin_label=&#8221;DESCRIPTION&#8221; text_orientation=&#8221;justified&#8221; use_border_color=&#8221;off&#8221; background_position=&#8221;top_left&#8221; background_repeat=&#8221;repeat&#8221; background_size=&#8221;initial&#8221; _builder_version=&#8221;3.20.2&#8243;] \u00a0 Todo suporte financeiro que a nossa fam\u00edlia recebe, \u00e9 [&hellip;]<\/p>\n","protected":false},"author":4,"featured_media":0,"parent":0,"menu_order":0,"comment_status":"closed","ping_status":"closed","template":"","meta":{"_et_pb_use_builder":"on","_et_pb_old_content":"","_et_gb_content_width":"","_monsterinsights_skip_tracking":false,"_monsterinsights_sitenote_active":false,"_monsterinsights_sitenote_note":"","_monsterinsights_sitenote_category":0,"footnotes":""},"class_list":["post-1693","page","type-page","status-publish","hentry"],"_links":{"self":[{"href":"http:\/\/thesouzas.com.br\/pt-br\/wp-json\/wp\/v2\/pages\/1693","targetHints":{"allow":["GET"]}}],"collection":[{"href":"http:\/\/thesouzas.com.br\/pt-br\/wp-json\/wp\/v2\/pages"}],"about":[{"href":"http:\/\/thesouzas.com.br\/pt-br\/wp-json\/wp\/v2\/types\/page"}],"author":[{"embeddable":true,"href":"http:\/\/thesouzas.com.br\/pt-br\/wp-json\/wp\/v2\/users\/4"}],"replies":[{"embeddable":true,"href":"http:\/\/thesouzas.com.br\/pt-br\/wp-json\/wp\/v2\/comments?post=1693"}],"version-history":[{"count":16,"href":"http:\/\/thesouzas.com.br\/pt-br\/wp-json\/wp\/v2\/pages\/1693\/revisions"}],"predecessor-version":[{"id":4169,"href":"http:\/\/thesouzas.com.br\/pt-br\/wp-json\/wp\/v2\/pages\/1693\/revisions\/4169"}],"wp:attachment":[{"href":"http:\/\/thesouzas.com.br\/pt-br\/wp-json\/wp\/v2\/media?parent=1693"}],"curies":[{"name":"wp","href":"https:\/\/api.w.org\/{rel}","templated":true}]}}